{"id":939,"date":"2022-07-18T19:55:30","date_gmt":"2022-07-18T19:55:30","guid":{"rendered":"http:\/\/razvoj.alples-3e.si\/?page_id=939"},"modified":"2022-07-29T13:29:16","modified_gmt":"2022-07-29T13:29:16","slug":"javni-razpis-za-vzpostavitev-ali-nadgradnjo-elektronskega-poslovanja","status":"publish","type":"page","link":"https:\/\/alples-3e.si\/?page_id=939","title":{"rendered":"JAVNI RAZPIS ZA VZPOSTAVITEV ALI NADGRADNJO ELEKTRONSKEGA POSLOVANJA"},"content":{"rendered":"\t\t<div data-elementor-type=\"wp-page\" data-elementor-id=\"939\" class=\"elementor elementor-939\">\n\t\t\t\t\t\t\t\t\t<section class=\"elementor-section elementor-top-section elementor-element elementor-element-b14d5f9 elementor-section-boxed elementor-section-height-default elementor-section-height-default\" data-id=\"b14d5f9\" data-element_type=\"section\">\n\t\t\t\t\t\t<div class=\"elementor-container elementor-column-gap-default\">\n\t\t\t\t\t<div class=\"elementor-column elementor-col-100 elementor-top-column elementor-element elementor-element-28341c9\" data-id=\"28341c9\" data-element_type=\"column\">\n\t\t\t<div class=\"elementor-widget-wrap elementor-element-populated\">\n\t\t\t\t\t\t\t\t<div class=\"elementor-element elementor-element-038125f elementor-hidden-mobile elementor-widget elementor-widget-heading\" data-id=\"038125f\" data-element_type=\"widget\" data-widget_type=\"heading.default\">\n\t\t\t\t<div class=\"elementor-widget-container\">\n\t\t\t<style>\/*! elementor - v3.6.6 - 08-06-2022 *\/\n.elementor-heading-title{padding:0;margin:0;line-height:1}.elementor-widget-heading .elementor-heading-title[class*=elementor-size-]>a{color:inherit;font-size:inherit;line-height:inherit}.elementor-widget-heading .elementor-heading-title.elementor-size-small{font-size:15px}.elementor-widget-heading .elementor-heading-title.elementor-size-medium{font-size:19px}.elementor-widget-heading .elementor-heading-title.elementor-size-large{font-size:29px}.elementor-widget-heading .elementor-heading-title.elementor-size-xl{font-size:39px}.elementor-widget-heading .elementor-heading-title.elementor-size-xxl{font-size:59px}<\/style><h2 class=\"elementor-heading-title elementor-size-default\">&nbsp;O projektu<\/h2>\t\t<\/div>\n\t\t\t\t<\/div>\n\t\t\t\t<div class=\"elementor-element elementor-element-a237d11 elementor-hidden-desktop elementor-hidden-tablet elementor-widget elementor-widget-heading\" data-id=\"a237d11\" data-element_type=\"widget\" data-widget_type=\"heading.default\">\n\t\t\t\t<div class=\"elementor-widget-container\">\n\t\t\t<h2 class=\"elementor-heading-title elementor-size-default\">&nbsp;O projektu<\/h2>\t\t<\/div>\n\t\t\t\t<\/div>\n\t\t\t\t\t<\/div>\n\t\t<\/div>\n\t\t\t\t\t\t\t<\/div>\n\t\t<\/section>\n\t\t\t\t<section class=\"elementor-section elementor-top-section elementor-element elementor-element-7d0fe26 elementor-section-boxed elementor-section-height-default elementor-section-height-default\" data-id=\"7d0fe26\" data-element_type=\"section\">\n\t\t\t\t\t\t<div class=\"elementor-container elementor-column-gap-default\">\n\t\t\t\t\t<div class=\"elementor-column elementor-col-100 elementor-top-column elementor-element elementor-element-8cd14a2\" data-id=\"8cd14a2\" data-element_type=\"column\">\n\t\t\t<div class=\"elementor-widget-wrap elementor-element-populated\">\n\t\t\t\t\t\t\t\t<div class=\"elementor-element elementor-element-0016e9e elementor-widget elementor-widget-text-editor\" data-id=\"0016e9e\" data-element_type=\"widget\" data-widget_type=\"text-editor.default\">\n\t\t\t\t<div class=\"elementor-widget-container\">\n\t\t\t<style>\/*! elementor - v3.6.6 - 08-06-2022 *\/\n.elementor-widget-text-editor.elementor-drop-cap-view-stacked .elementor-drop-cap{background-color:#818a91;color:#fff}.elementor-widget-text-editor.elementor-drop-cap-view-framed .elementor-drop-cap{color:#818a91;border:3px solid;background-color:transparent}.elementor-widget-text-editor:not(.elementor-drop-cap-view-default) .elementor-drop-cap{margin-top:8px}.elementor-widget-text-editor:not(.elementor-drop-cap-view-default) .elementor-drop-cap-letter{width:1em;height:1em}.elementor-widget-text-editor .elementor-drop-cap{float:left;text-align:center;line-height:1;font-size:50px}.elementor-widget-text-editor .elementor-drop-cap-letter{display:inline-block}<\/style>\t\t\t\t<p>V okviru operacije \u201cDigitalizacija poslovanja Alples 3E za pove\u010danje mednarodne konkuren\u010dnosti\u201d se je izvedlo naslednje aktivnosti:<\/p>\n<ul>\n<li>Elektronska izmenjava med partnerji<\/li>\n<li><span style=\"font-weight: 400;\">Izdelava spletne strani<\/span><\/li>\n<li><span style=\"font-weight: 400;\">Produktno prodajni video<\/span><\/li>\n<li><span style=\"font-weight: 400;\">Digitalizacija nastopov na sejmih<\/span><\/li>\n<li><span style=\"font-weight: 400;\">Krepitev kompetenc \u2013 usposabljanja<\/span><\/li>\n<\/ul><div><br><\/div><div>Vi\u0161ina pridobljene subvencije 26.740,00 \u20ac.<\/div>\t\t\t\t\t\t<\/div>\n\t\t\t\t<\/div>\n\t\t\t\t<section class=\"elementor-section elementor-inner-section elementor-element elementor-element-66f973d elementor-section-boxed elementor-section-height-default elementor-section-height-default\" data-id=\"66f973d\" data-element_type=\"section\">\n\t\t\t\t\t\t<div class=\"elementor-container elementor-column-gap-default\">\n\t\t\t\t\t<div class=\"elementor-column elementor-col-50 elementor-inner-column elementor-element elementor-element-652cbb2\" data-id=\"652cbb2\" data-element_type=\"column\">\n\t\t\t<div class=\"elementor-widget-wrap elementor-element-populated\">\n\t\t\t\t\t\t\t\t<div class=\"elementor-element elementor-element-3e59b34 elementor-widget elementor-widget-text-editor\" data-id=\"3e59b34\" data-element_type=\"widget\" data-widget_type=\"text-editor.default\">\n\t\t\t\t<div class=\"elementor-widget-container\">\n\t\t\t\t\t\t\t<p>Opravili smo usposabljanje v obliki online predavanj in predstavitev na podjetju. Na predstavitvah smo pridobili znanja o novih poslovnih modelih, vklju\u010ditev novih tehnologij v proizvodni proces in znanje kako vstopamo v nove trge. Opravili smo tudi usposabljanje o uporabi spletne strani.<\/p>\t\t\t\t\t\t<\/div>\n\t\t\t\t<\/div>\n\t\t\t\t<div class=\"elementor-element elementor-element-50a33e1 elementor-widget elementor-widget-image\" data-id=\"50a33e1\" data-element_type=\"widget\" data-widget_type=\"image.default\">\n\t\t\t\t<div class=\"elementor-widget-container\">\n\t\t\t<style>\/*! elementor - v3.6.6 - 08-06-2022 *\/\n.elementor-widget-image{text-align:center}.elementor-widget-image a{display:inline-block}.elementor-widget-image a img[src$=\".svg\"]{width:48px}.elementor-widget-image img{vertical-align:middle;display:inline-block}<\/style>\t\t\t\t\t\t\t\t\t\t\t\t<img loading=\"lazy\" decoding=\"async\" width=\"800\" height=\"360\" src=\"https:\/\/alples-3e.si\/wp-content\/uploads\/2022\/07\/20220629_111154-1024x461.jpg\" class=\"attachment-large size-large\" alt=\"\" srcset=\"https:\/\/alples-3e.si\/wp-content\/uploads\/2022\/07\/20220629_111154-1024x461.jpg 1024w, https:\/\/alples-3e.si\/wp-content\/uploads\/2022\/07\/20220629_111154-300x135.jpg 300w, https:\/\/alples-3e.si\/wp-content\/uploads\/2022\/07\/20220629_111154-768x346.jpg 768w, https:\/\/alples-3e.si\/wp-content\/uploads\/2022\/07\/20220629_111154-1536x692.jpg 1536w, https:\/\/alples-3e.si\/wp-content\/uploads\/2022\/07\/20220629_111154-2048x922.jpg 2048w\" sizes=\"auto, (max-width: 800px) 100vw, 800px\" \/>\t\t\t\t\t\t\t\t\t\t\t\t\t\t\t<\/div>\n\t\t\t\t<\/div>\n\t\t\t\t<div class=\"elementor-element elementor-element-f3f166b elementor-widget elementor-widget-image\" data-id=\"f3f166b\" data-element_type=\"widget\" data-widget_type=\"image.default\">\n\t\t\t\t<div class=\"elementor-widget-container\">\n\t\t\t\t\t\t\t\t\t\t\t\t\t\t\t<img loading=\"lazy\" decoding=\"async\" width=\"461\" height=\"1024\" src=\"https:\/\/alples-3e.si\/wp-content\/uploads\/2022\/07\/20220629_114607-461x1024.jpg\" class=\"attachment-large size-large\" alt=\"\" srcset=\"https:\/\/alples-3e.si\/wp-content\/uploads\/2022\/07\/20220629_114607-461x1024.jpg 461w, https:\/\/alples-3e.si\/wp-content\/uploads\/2022\/07\/20220629_114607-135x300.jpg 135w, https:\/\/alples-3e.si\/wp-content\/uploads\/2022\/07\/20220629_114607-768x1705.jpg 768w, https:\/\/alples-3e.si\/wp-content\/uploads\/2022\/07\/20220629_114607-692x1536.jpg 692w, https:\/\/alples-3e.si\/wp-content\/uploads\/2022\/07\/20220629_114607-922x2048.jpg 922w, https:\/\/alples-3e.si\/wp-content\/uploads\/2022\/07\/20220629_114607-scaled.jpg 1153w\" sizes=\"auto, (max-width: 461px) 100vw, 461px\" \/>\t\t\t\t\t\t\t\t\t\t\t\t\t\t\t<\/div>\n\t\t\t\t<\/div>\n\t\t\t\t\t<\/div>\n\t\t<\/div>\n\t\t\t\t<div class=\"elementor-column elementor-col-50 elementor-inner-column elementor-element elementor-element-1d806e3\" data-id=\"1d806e3\" data-element_type=\"column\">\n\t\t\t<div class=\"elementor-widget-wrap elementor-element-populated\">\n\t\t\t\t\t\t\t\t<div class=\"elementor-element elementor-element-01da116 elementor-widget elementor-widget-image\" data-id=\"01da116\" data-element_type=\"widget\" data-widget_type=\"image.default\">\n\t\t\t\t<div class=\"elementor-widget-container\">\n\t\t\t\t\t\t\t\t\t\t\t\t\t\t\t<img loading=\"lazy\" decoding=\"async\" width=\"800\" height=\"323\" src=\"https:\/\/alples-3e.si\/wp-content\/uploads\/2022\/07\/strojegradnja_izobrazevanje_spirit_spletnastran1-1024x413.png\" class=\"attachment-large size-large\" alt=\"\" srcset=\"https:\/\/alples-3e.si\/wp-content\/uploads\/2022\/07\/strojegradnja_izobrazevanje_spirit_spletnastran1-1024x413.png 1024w, https:\/\/alples-3e.si\/wp-content\/uploads\/2022\/07\/strojegradnja_izobrazevanje_spirit_spletnastran1-300x121.png 300w, https:\/\/alples-3e.si\/wp-content\/uploads\/2022\/07\/strojegradnja_izobrazevanje_spirit_spletnastran1-768x310.png 768w, https:\/\/alples-3e.si\/wp-content\/uploads\/2022\/07\/strojegradnja_izobrazevanje_spirit_spletnastran1-1536x620.png 1536w, https:\/\/alples-3e.si\/wp-content\/uploads\/2022\/07\/strojegradnja_izobrazevanje_spirit_spletnastran1.png 1900w\" sizes=\"auto, (max-width: 800px) 100vw, 800px\" \/>\t\t\t\t\t\t\t\t\t\t\t\t\t\t\t<\/div>\n\t\t\t\t<\/div>\n\t\t\t\t<div class=\"elementor-element elementor-element-7411ca1 elementor-widget elementor-widget-text-editor\" data-id=\"7411ca1\" data-element_type=\"widget\" data-widget_type=\"text-editor.default\">\n\t\t\t\t<div class=\"elementor-widget-container\">\n\t\t\t\t\t\t\t<p><b>Elektronska izmenjava med partnerji<\/b><span style=\"font-weight: 400;\">: z ukrepom bomo zagotovili sistem, ki bo omogo\u010dal varno izmenjavo podatkov z na\u0161imi strankami in potencialnimi kupci na\u0161ih produktov.<\/span> <span style=\"font-weight: 400;\">Izvedena bo digitalizacija artiklov ter izobra\u017eevanje in usposabljanje vezano na aktivnost.<\/span><\/p><p>\u00a0<\/p><p><b>Digitalizacija nastopov na sejmih: <\/b><span style=\"font-weight: 400;\">z ukrepom bo pripravljena in oblikovana digitalna vsebina ter interaktivni prikaz produktov in opis podjetja. Izvajalec v primeru identifikacije ustreznega sejma poskrbi za vklju\u010ditev pripravljene vsebine v digitalne sejme\/showroome. Izvede se izobra\u017eevanje in usposabljanje vezano na aktivnost.<\/span><\/p><p>\u00a0<\/p><p><b>Spletne strani za tuje trge:<\/b><span style=\"font-weight: 400;\"> z ukrepom se razvije spletno stran ter upravlja celostna podoba za tuje trge v Angle\u0161kem in Hrva\u0161kem jeziku. Izvajalec pripravi in objavi vsebine, vzpostavi digitalne kanale za komuniciranje (Facebook, Linkedin, Youtube). Na koncu se izvede izobra\u017eevanje in usposabljanje vezano na aktivnost.<\/span><\/p><p>\u00a0<\/p><p><b>Produktno-prodajni video: <\/b><span style=\"font-weight: 400;\">izvede se priprava materiala in scenarij za video ter snemanje, monta\u017ea in obdelava videa.<\/span><\/p><p>\u00a0<\/p><p><b>Krepitev kompetenc \u2013 usposabljanja<\/b><span style=\"font-weight: 400;\">:<\/span><\/p><ul><li style=\"font-weight: 400;\" aria-level=\"1\"><span style=\"font-weight: 400;\">Novi poslovni modeli<\/span><\/li><li style=\"font-weight: 400;\" aria-level=\"1\"><span style=\"font-weight: 400;\">Vklju\u010ditev nove tehnologije v proizvodni proces<\/span><\/li><li style=\"font-weight: 400;\" aria-level=\"1\"><span style=\"font-weight: 400;\">Na\u010dini\/modeli vstopa v nove trge<\/span><\/li><\/ul>\t\t\t\t\t\t<\/div>\n\t\t\t\t<\/div>\n\t\t\t\t<div class=\"elementor-element elementor-element-b37ca76 elementor-widget elementor-widget-image\" data-id=\"b37ca76\" data-element_type=\"widget\" data-widget_type=\"image.default\">\n\t\t\t\t<div class=\"elementor-widget-container\">\n\t\t\t\t\t\t\t\t\t\t\t\t\t\t\t<img loading=\"lazy\" decoding=\"async\" width=\"800\" height=\"360\" src=\"https:\/\/alples-3e.si\/wp-content\/uploads\/2022\/07\/20220629_113450-1024x461.jpg\" class=\"attachment-large size-large\" alt=\"\" srcset=\"https:\/\/alples-3e.si\/wp-content\/uploads\/2022\/07\/20220629_113450-1024x461.jpg 1024w, https:\/\/alples-3e.si\/wp-content\/uploads\/2022\/07\/20220629_113450-300x135.jpg 300w, https:\/\/alples-3e.si\/wp-content\/uploads\/2022\/07\/20220629_113450-768x346.jpg 768w, https:\/\/alples-3e.si\/wp-content\/uploads\/2022\/07\/20220629_113450-1536x692.jpg 1536w, https:\/\/alples-3e.si\/wp-content\/uploads\/2022\/07\/20220629_113450-2048x922.jpg 2048w\" sizes=\"auto, (max-width: 800px) 100vw, 800px\" \/>\t\t\t\t\t\t\t\t\t\t\t\t\t\t\t<\/div>\n\t\t\t\t<\/div>\n\t\t\t\t<div class=\"elementor-element elementor-element-209250e elementor-widget elementor-widget-text-editor\" data-id=\"209250e\" data-element_type=\"widget\" data-widget_type=\"text-editor.default\">\n\t\t\t\t<div class=\"elementor-widget-container\">\n\t\t\t\t\t\t\t<p>Nalo\u017ebo sofinancirata Republika Slovenija in Evropska unija iz Evropskega sklada za regionalni razvoj (ESSR). Ve\u010d si lahko preberete na\u00a0<a href=\"https:\/\/www.eu-skladi.si\/\" target=\"_blank\" rel=\"noopener noreferrer\" data-saferedirecturl=\"https:\/\/www.google.com\/url?q=https:\/\/www.eu-skladi.si\/&amp;source=gmail&amp;ust=1659180765207000&amp;usg=AOvVaw3-tu7smnBvXN0xDYqTmDnq\">www.eu-skladi.si<\/a>.<\/p>\t\t\t\t\t\t<\/div>\n\t\t\t\t<\/div>\n\t\t\t\t<div class=\"elementor-element elementor-element-12131ab elementor-widget elementor-widget-image\" data-id=\"12131ab\" data-element_type=\"widget\" data-widget_type=\"image.default\">\n\t\t\t\t<div class=\"elementor-widget-container\">\n\t\t\t\t\t\t\t\t\t\t\t\t\t\t\t\t<a href=\"http:\/\/www.eu-skladi.si\/\" target=\"_blank\">\n\t\t\t\t\t\t\t<img loading=\"lazy\" decoding=\"async\" width=\"216\" height=\"86\" src=\"https:\/\/alples-3e.si\/wp-content\/uploads\/2022\/07\/logo-eu-skladi.png\" class=\"attachment-large size-large\" alt=\"\" \/>\t\t\t\t\t\t\t\t<\/a>\n\t\t\t\t\t\t\t\t\t\t\t\t\t\t\t<\/div>\n\t\t\t\t<\/div>\n\t\t\t\t\t<\/div>\n\t\t<\/div>\n\t\t\t\t\t\t\t<\/div>\n\t\t<\/section>\n\t\t\t\t\t<\/div>\n\t\t<\/div>\n\t\t\t\t\t\t\t<\/div>\n\t\t<\/section>\n\t\t\t\t\t\t\t<\/div>\n\t\t","protected":false},"excerpt":{"rendered":"<p>&nbsp;O projektu &nbsp;O projektu V okviru operacije \u201cDigitalizacija poslovanja Alples 3E za pove\u010danje mednarodne konkuren\u010dnosti\u201d se je izvedlo naslednje aktivnosti: Elektronska izmenjava med partnerji Izdelava spletne strani Produktno prodajni video Digitalizacija nastopov na sejmih Krepitev kompetenc \u2013 usposabljanja Vi\u0161ina pridobljene subvencije 26.740,00 \u20ac. Opravili smo usposabljanje v obliki online predavanj in predstavitev na podjetju. Na [&hellip;]<\/p>\n","protected":false},"author":1,"featured_media":0,"parent":0,"menu_order":0,"comment_status":"closed","ping_status":"closed","template":"","meta":{"footnotes":""},"class_list":["post-939","page","type-page","status-publish","hentry"],"_links":{"self":[{"href":"https:\/\/alples-3e.si\/index.php?rest_route=\/wp\/v2\/pages\/939","targetHints":{"allow":["GET"]}}],"collection":[{"href":"https:\/\/alples-3e.si\/index.php?rest_route=\/wp\/v2\/pages"}],"about":[{"href":"https:\/\/alples-3e.si\/index.php?rest_route=\/wp\/v2\/types\/page"}],"author":[{"embeddable":true,"href":"https:\/\/alples-3e.si\/index.php?rest_route=\/wp\/v2\/users\/1"}],"replies":[{"embeddable":true,"href":"https:\/\/alples-3e.si\/index.php?rest_route=%2Fwp%2Fv2%2Fcomments&post=939"}],"version-history":[{"count":37,"href":"https:\/\/alples-3e.si\/index.php?rest_route=\/wp\/v2\/pages\/939\/revisions"}],"predecessor-version":[{"id":987,"href":"https:\/\/alples-3e.si\/index.php?rest_route=\/wp\/v2\/pages\/939\/revisions\/987"}],"wp:attachment":[{"href":"https:\/\/alples-3e.si\/index.php?rest_route=%2Fwp%2Fv2%2Fmedia&parent=939"}],"curies":[{"name":"wp","href":"https:\/\/api.w.org\/{rel}","templated":true}]}}